{"id":1062,"date":"2025-05-28T16:04:38","date_gmt":"2025-05-28T16:04:38","guid":{"rendered":"https:\/\/przygodanahoryzoncie.pl\/?page_id=1062"},"modified":"2025-05-28T16:04:38","modified_gmt":"2025-05-28T16:04:38","slug":"gotowy-na-swoja-przygode","status":"publish","type":"page","link":"https:\/\/przygodanahoryzoncie.pl\/index.php\/gotowy-na-swoja-przygode\/","title":{"rendered":"Gotowy na swoj\u0105 przygod\u0119?"},"content":{"rendered":"\n<p>Wype\u0142nij formularz, a przygotujemy dla Ciebie wyj\u0105tkow\u0105 podr\u00f3\u017c \u2013 dok\u0142adnie tak\u0105, jakiej szukasz!<\/p>\n\n\n\n<p>\ud83e\udded <strong>Jak to dzia\u0142a?<\/strong><\/p>\n\n\n\n<ol class=\"wp-block-list\">\n<li>Uzupe\u0142nij kr\u00f3tki formularz<\/li>\n\n\n\n<li>Skontaktujemy si\u0119 z Tob\u0105 w ci\u0105gu 48h<\/li>\n\n\n\n<li>Otrzymasz propozycj\u0119 indywidualnej podr\u00f3\u017cy!<\/li>\n<\/ol>\n\n\n\n<p>\ud83d\udcac Mo\u017cemy si\u0119 spotka\u0107 online \u2013 je\u015bli wolisz pogada\u0107 na \u017cywo, telefonicznie lub kontaktowa\u0107 si\u0119 mailowo, napisz to w komentarzu!<\/p>\n\n\n<div class='fluentform ff-default fluentform_wrapper_5  ff_guten_block ffs_default_wrap'><form data-form_id=\"5\" id=\"fluentform_5\" class=\"frm-fluent-form fluent_form_5 ff-el-form-top ff_form_instance_5_1 ff-form-loading ffs_default\" data-form_instance=\"ff_form_instance_5_1\" method=\"POST\" ><fieldset  style=\"border: none!important;margin: 0!important;padding: 0!important;background-color: transparent!important;box-shadow: none!important;outline: none!important; min-inline-size: 100%;\">\n                    <legend class=\"ff_screen_reader_title\" style=\"display: block; margin: 0!important;padding: 0!important;height: 0!important;text-indent: -999999px;width: 0!important;overflow:hidden;\">Zg\u0142oszenia<\/legend>        <div\n                style=\"display: none!important; position: absolute!important; transform: translateX(1000%)!important;\"\n                class=\"ff-el-group ff-hpsf-container\"\n        >\n            <div class=\"ff-el-input--label asterisk-right\">\n                <label for=\"ff_5_item_sf\" aria-label=\"Subscribe\">\n                    Subscribe                <\/label>\n            <\/div>\n            <div class=\"ff-el-input--content\">\n                <input type=\"text\"\n                       name=\"item_5__fluent_sf\"\n                       class=\"ff-el-form-control\"\n                       id=\"ff_5_item_sf\"\n                \/>\n            <\/div>\n        <\/div>\n                <input type=\"hidden\" id=\"__fluent_protection_token_5\" class=\"fluent-form-token-field\" name=\"__fluent_protection_token_5\">\n        <input type='hidden' name='__fluent_form_embded_post_id' value='1062' \/><input type=\"hidden\" id=\"_fluentform_5_fluentformnonce\" name=\"_fluentform_5_fluentformnonce\" value=\"0ab952350c\" \/><input type=\"hidden\" name=\"_wp_http_referer\" value=\"\/index.php\/wp-json\/wp\/v2\/pages\/1062\" \/><div class='ff-el-group'><div class=\"ff-el-input--label ff-el-is-required asterisk-right\"><label for='ff_5_input_text' aria-label=\"Imi\u0119 i nazwisko\">Imi\u0119 i nazwisko<\/label><\/div><div class='ff-el-input--content'><input type=\"text\" name=\"input_text\" class=\"ff-el-form-control\" placeholder=\"Imi\u0119 i nazwisko\" data-name=\"input_text\" id=\"ff_5_input_text\"  aria-invalid=\"false\" aria-required=true><\/div><\/div><div class='ff-el-group'><div class=\"ff-el-input--label ff-el-is-required asterisk-right\"><label for='ff_5_email' aria-label=\"Email\">Email<\/label><\/div><div class='ff-el-input--content'><input type=\"email\" name=\"email\" id=\"ff_5_email\" class=\"ff-el-form-control\" placeholder=\"Email\" data-name=\"email\"  aria-invalid=\"false\" aria-required=true><\/div><\/div><div class='ff-el-group'><div class=\"ff-el-input--label asterisk-right\"><label for='ff_5_input_text_1' aria-label=\"Numer kontaktowy\">Numer kontaktowy<\/label><\/div><div class='ff-el-input--content'><input type=\"text\" name=\"input_text_1\" class=\"ff-el-form-control\" placeholder=\"Numer kontaktowy\" data-name=\"input_text_1\" id=\"ff_5_input_text_1\"  aria-invalid=\"false\" aria-required=false><\/div><\/div><div class='ff-el-group'><div class=\"ff-el-input--label ff-el-is-required asterisk-right\"><label for='ff_5_description_2' aria-label=\"Kiedy chcia\u0142by\u015b si\u0119 wybra\u0107 w podr\u00f3\u017c i na jak d\u0142ugo?\">Kiedy chcia\u0142by\u015b si\u0119 wybra\u0107 w podr\u00f3\u017c i na jak d\u0142ugo?<\/label><\/div><div class='ff-el-input--content'><textarea aria-invalid=\"false\" aria-required=true name=\"description_2\" id=\"ff_5_description_2\" class=\"ff-el-form-control\" rows=\"2\" cols=\"2\" data-name=\"description_2\" ><\/textarea><\/div><\/div><div class='ff-el-group'><div class=\"ff-el-input--label ff-el-is-required asterisk-right\"><label  aria-label=\"Jakie miejsce(a) chcia\u0142by\u015b odwiedzi\u0107?\">Jakie miejsce(a) chcia\u0142by\u015b odwiedzi\u0107?<\/label><\/div><div class='ff-el-input--content'><div class='ff-el-form-check ff-el-form-check-'><label class='ff-el-form-check-label' for=checkbox_0ad7155892bd01159e79feeac4968540><input  type=\"checkbox\" name=\"checkbox[]\" data-name=\"checkbox\" class=\"ff-el-form-check-input ff-el-form-check-checkbox\" value=\"Polska\"  id='checkbox_0ad7155892bd01159e79feeac4968540' aria-label='Polska' aria-invalid='false' aria-required=true> <span>Polska<\/span><\/label><\/div><div class='ff-el-form-check ff-el-form-check-'><label class='ff-el-form-check-label' for=checkbox_18941ae82d940b85ede4624d630485de><input  type=\"checkbox\" name=\"checkbox[]\" data-name=\"checkbox\" class=\"ff-el-form-check-input ff-el-form-check-checkbox\" value=\"Europa\"  id='checkbox_18941ae82d940b85ede4624d630485de' aria-label='Europa' aria-invalid='false' aria-required=true> <span>Europa<\/span><\/label><\/div><div class='ff-el-form-check ff-el-form-check-'><label class='ff-el-form-check-label' for=checkbox_1dfeb3a4d2b07258ed12aedfac0978e2><input  type=\"checkbox\" name=\"checkbox[]\" data-name=\"checkbox\" class=\"ff-el-form-check-input ff-el-form-check-checkbox\" value=\"Inny kontynent\"  id='checkbox_1dfeb3a4d2b07258ed12aedfac0978e2' aria-label='Inny kontynent' aria-invalid='false' aria-required=true> <span>Inny kontynent<\/span><\/label><\/div><\/div><\/div><div class='ff-el-group'><div class=\"ff-el-input--label ff-el-is-required asterisk-right\"><label for='ff_5_description_1' aria-label=\"Jakie to s\u0105 dok\u0142adnie miejsca(wpisz to co jest dla Ciebie wa\u017cne, miasto, kraj, wyspa, konkretne miejsce)?\">Jakie to s\u0105 dok\u0142adnie miejsca(wpisz to co jest dla Ciebie wa\u017cne, miasto, kraj, wyspa, konkretne miejsce)?<\/label><\/div><div class='ff-el-input--content'><textarea aria-invalid=\"false\" aria-required=true name=\"description_1\" id=\"ff_5_description_1\" class=\"ff-el-form-control\" rows=\"2\" cols=\"2\" data-name=\"description_1\" ><\/textarea><\/div><\/div><div class='ff-el-group'><div class=\"ff-el-input--label ff-el-is-required asterisk-right\"><label  aria-label=\"Akceptowalne \u015brodki transportu\">Akceptowalne \u015brodki transportu<\/label><\/div><div class='ff-el-input--content'><div class='ff-el-form-check ff-el-form-check-'><label class='ff-el-form-check-label' for=checkbox_1_8f9235c5e73159a5fb777d64248453c1><input  type=\"checkbox\" name=\"checkbox_1[]\" data-name=\"checkbox_1\" class=\"ff-el-form-check-input ff-el-form-check-checkbox\" value=\"Samolot\"  id='checkbox_1_8f9235c5e73159a5fb777d64248453c1' aria-label='Samolot' aria-invalid='false' aria-required=true> <span>Samolot<\/span><\/label><\/div><div class='ff-el-form-check ff-el-form-check-'><label class='ff-el-form-check-label' for=checkbox_1_3141e6e339be795b36917b501706f3a3><input  type=\"checkbox\" name=\"checkbox_1[]\" data-name=\"checkbox_1\" class=\"ff-el-form-check-input ff-el-form-check-checkbox\" value=\"Poci\u0105g\"  id='checkbox_1_3141e6e339be795b36917b501706f3a3' aria-label='Poci\u0105g' aria-invalid='false' aria-required=true> <span>Poci\u0105g<\/span><\/label><\/div><div class='ff-el-form-check ff-el-form-check-'><label class='ff-el-form-check-label' for=checkbox_1_93adb83ccd5dfe13b1701b580977e338><input  type=\"checkbox\" name=\"checkbox_1[]\" data-name=\"checkbox_1\" class=\"ff-el-form-check-input ff-el-form-check-checkbox\" value=\"Samoch\u00f3d\"  id='checkbox_1_93adb83ccd5dfe13b1701b580977e338' aria-label='Samoch\u00f3d' aria-invalid='false' aria-required=true> <span>Samoch\u00f3d<\/span><\/label><\/div><div class='ff-el-form-check ff-el-form-check-'><label class='ff-el-form-check-label' for=checkbox_1_5142a72800272e6d911c29d086c3f5e8><input  type=\"checkbox\" name=\"checkbox_1[]\" data-name=\"checkbox_1\" class=\"ff-el-form-check-input ff-el-form-check-checkbox\" value=\"Prom\"  id='checkbox_1_5142a72800272e6d911c29d086c3f5e8' aria-label='Prom' aria-invalid='false' aria-required=true> <span>Prom<\/span><\/label><\/div><div class='ff-el-form-check ff-el-form-check-'><label class='ff-el-form-check-label' for=checkbox_1_a4169d4485cafd1b2dc2c0fa3b384229><input  type=\"checkbox\" name=\"checkbox_1[]\" data-name=\"checkbox_1\" class=\"ff-el-form-check-input ff-el-form-check-checkbox\" value=\"Inny\"  id='checkbox_1_a4169d4485cafd1b2dc2c0fa3b384229' aria-label='Inny' aria-invalid='false' aria-required=true> <span>Inny<\/span><\/label><\/div><div class='ff-el-form-check ff-el-form-check-'><label class='ff-el-form-check-label' for=checkbox_1_3cf442a7dc1480478599f56ae2a40e07><input  type=\"checkbox\" name=\"checkbox_1[]\" data-name=\"checkbox_1\" class=\"ff-el-form-check-input ff-el-form-check-checkbox\" value=\"W\u0142asny\"  id='checkbox_1_3cf442a7dc1480478599f56ae2a40e07' aria-label='W\u0142asny' aria-invalid='false' aria-required=true> <span>W\u0142asny<\/span><\/label><\/div><\/div><\/div><div class='ff-el-group'><div class=\"ff-el-input--label ff-el-is-required asterisk-right\"><label  aria-label=\"Cele twojej podr\u00f3\u017cy\">Cele twojej podr\u00f3\u017cy<\/label><\/div><div class='ff-el-input--content'><div class='ff-el-form-check ff-el-form-check-'><label class='ff-el-form-check-label' for=checkbox_2_444427f7a34bc35c7f4621f5b410810b><input  type=\"checkbox\" name=\"checkbox_2[]\" data-name=\"checkbox_2\" class=\"ff-el-form-check-input ff-el-form-check-checkbox\" value=\"Wypoczynek przy pla\u017cy\"  id='checkbox_2_444427f7a34bc35c7f4621f5b410810b' aria-label='Wypoczynek przy pla\u017cy' aria-invalid='false' aria-required=true> <span>Wypoczynek przy pla\u017cy<\/span><\/label><\/div><div class='ff-el-form-check ff-el-form-check-'><label class='ff-el-form-check-label' for=checkbox_2_f1b6005f36dad1ff6a99dd12e8e619c9><input  type=\"checkbox\" name=\"checkbox_2[]\" data-name=\"checkbox_2\" class=\"ff-el-form-check-input ff-el-form-check-checkbox\" value=\"Zwiedzanie zabytk\u00f3w\"  id='checkbox_2_f1b6005f36dad1ff6a99dd12e8e619c9' aria-label='Zwiedzanie zabytk\u00f3w' aria-invalid='false' aria-required=true> <span>Zwiedzanie zabytk\u00f3w<\/span><\/label><\/div><div class='ff-el-form-check ff-el-form-check-'><label class='ff-el-form-check-label' for=checkbox_2_a1ed6c2ba41cc1123aa6723188b59f2a><input  type=\"checkbox\" name=\"checkbox_2[]\" data-name=\"checkbox_2\" class=\"ff-el-form-check-input ff-el-form-check-checkbox\" value=\"Odkrywanie mniej znanych miejsc\"  id='checkbox_2_a1ed6c2ba41cc1123aa6723188b59f2a' aria-label='Odkrywanie mniej znanych miejsc' aria-invalid='false' aria-required=true> <span>Odkrywanie mniej znanych miejsc<\/span><\/label><\/div><div class='ff-el-form-check ff-el-form-check-'><label class='ff-el-form-check-label' for=checkbox_2_90ae426a83d9618a486a25beb793832f><input  type=\"checkbox\" name=\"checkbox_2[]\" data-name=\"checkbox_2\" class=\"ff-el-form-check-input ff-el-form-check-checkbox\" value=\"Zorganizowane wycieczki z przewodnikiem\"  id='checkbox_2_90ae426a83d9618a486a25beb793832f' aria-label='Zorganizowane wycieczki z przewodnikiem' aria-invalid='false' aria-required=true> <span>Zorganizowane wycieczki z przewodnikiem<\/span><\/label><\/div><div class='ff-el-form-check ff-el-form-check-'><label class='ff-el-form-check-label' for=checkbox_2_a39932e5b9d9e36c2d92a92c4e154ce4><input  type=\"checkbox\" name=\"checkbox_2[]\" data-name=\"checkbox_2\" class=\"ff-el-form-check-input ff-el-form-check-checkbox\" value=\"Szlaki turystyczne\"  id='checkbox_2_a39932e5b9d9e36c2d92a92c4e154ce4' aria-label='Szlaki turystyczne' aria-invalid='false' aria-required=true> <span>Szlaki turystyczne<\/span><\/label><\/div><div class='ff-el-form-check ff-el-form-check-'><label class='ff-el-form-check-label' for=checkbox_2_13e2cc1fd15565c093eca4f0e077d112><input  type=\"checkbox\" name=\"checkbox_2[]\" data-name=\"checkbox_2\" class=\"ff-el-form-check-input ff-el-form-check-checkbox\" value=\"Imprezowe szale\u0144stwo\"  id='checkbox_2_13e2cc1fd15565c093eca4f0e077d112' aria-label='Imprezowe szale\u0144stwo' aria-invalid='false' aria-required=true> <span>Imprezowe szale\u0144stwo<\/span><\/label><\/div><\/div><\/div><div class='ff-el-group'><div class=\"ff-el-input--label asterisk-right\"><label for='ff_5_description' aria-label=\"Inne wa\u017cne dane odno\u015bnie podr\u00f3\u017cy\">Inne wa\u017cne dane odno\u015bnie podr\u00f3\u017cy<\/label><\/div><div class='ff-el-input--content'><textarea aria-invalid=\"false\" aria-required=false name=\"description\" id=\"ff_5_description\" class=\"ff-el-form-control\" placeholder=\"Umie\u015b\u0107 tutaj takie informacje jak ilo\u015b\u0107 podr\u00f3\u017cuj\u0105cych(oraz ich rodzaj - np 2 doros\u0142ych, dziecko i pies), podkre\u015bl na czym Ci najbardziej zale\u017cy, opisz wszystko czego nie zawar\u0142e\u015b w powy\u017cszej ankiecie!\" rows=\"4\" cols=\"2\" data-name=\"description\" ><\/textarea><\/div><\/div><div class='ff-el-group  ff-custom_html' tabindex='-1' data-name=\"custom_html-5_1\" ><p>Po przes\u0142aniu zg\u0142oszenia zostanie ono przez nas wst\u0119pnie przeanalizowane. Nast\u0119pnie skontaktujemy si\u0119 z Tob\u0105, aby om\u00f3wi\u0107 szczeg\u00f3\u0142y i ustali\u0107 dalsze kroki.<\/p><\/div><div class='ff-el-group    ff-el-input--content'><div class='ff-el-form-check ff-el-tc'><label aria-label='Wyra\u017cam zgod\u0119 na przechowywanie przez t\u0119 witryn\u0119 przes\u0142anych przeze mnie informacji w celu udzielenia odpowiedzi na moje zapytanie' class='ff-el-form-check-label ff_tc_label' for=gdpr-agreement_db8c2c3fc0573123aa113ecc499887e8><span class='ff_tc_checkbox'><input type=\"checkbox\" name=\"gdpr-agreement\" class=\"ff-el-form-check-input ff_gdpr_field\" data-name=\"gdpr-agreement\" id=\"gdpr-agreement_db8c2c3fc0573123aa113ecc499887e8\"  value='on' aria-invalid='false' aria-required=true><\/span> <div class='ff_t_c'>Wyra\u017cam zgod\u0119 na przechowywanie przez t\u0119 witryn\u0119 przes\u0142anych przeze mnie informacji w celu udzielenia odpowiedzi na moje zapytanie<\/div><\/label><\/div><\/div><div class='ff-el-group ff-text-left ff_submit_btn_wrapper'><button type=\"submit\" class=\"ff-btn ff-btn-submit ff-btn-md ff_btn_style\" >Wy\u015blij<\/button><\/div><\/fieldset><\/form><div id='fluentform_5_errors' class='ff-errors-in-stack ff_form_instance_5_1 ff-form-loading_errors ff_form_instance_5_1_errors'><\/div><\/div>        <script type=\"text\/javascript\">\n            window.fluent_form_ff_form_instance_5_1 = {\"id\":\"5\",\"settings\":{\"layout\":{\"labelPlacement\":\"top\",\"asteriskPlacement\":\"asterisk-right\",\"helpMessagePlacement\":\"with_label\",\"errorMessagePlacement\":\"inline\",\"cssClassName\":\"\"},\"restrictions\":{\"denyEmptySubmission\":{\"enabled\":false}}},\"form_instance\":\"ff_form_instance_5_1\",\"form_id_selector\":\"fluentform_5\",\"rules\":{\"input_text\":{\"required\":{\"value\":true,\"message\":\"Pole jest wymagane\",\"global_message\":\"Pole jest wymagane\",\"global\":true}},\"email\":{\"required\":{\"value\":true,\"message\":\"Pole jest wymagane\",\"global\":true,\"global_message\":\"Pole jest wymagane\"},\"email\":{\"value\":true,\"message\":\"Musisz poda\\u0107 prawid\\u0142owy adres e-mail\",\"global\":true,\"global_message\":\"Musisz poda\\u0107 prawid\\u0142owy adres e-mail\"}},\"input_text_1\":{\"required\":{\"value\":false,\"message\":\"Pole jest wymagane\",\"global_message\":\"Pole jest wymagane\",\"global\":true}},\"description_2\":{\"required\":{\"value\":true,\"message\":\"Pole jest wymagane\",\"global_message\":\"Pole jest wymagane\",\"global\":true}},\"checkbox\":{\"required\":{\"value\":true,\"message\":\"Pole jest wymagane\",\"global\":true,\"global_message\":\"Pole jest wymagane\"}},\"description_1\":{\"required\":{\"value\":true,\"message\":\"Pole jest wymagane\",\"global_message\":\"Pole jest wymagane\",\"global\":true}},\"checkbox_1\":{\"required\":{\"value\":true,\"message\":\"Pole jest wymagane\",\"global\":true,\"global_message\":\"Pole jest wymagane\"}},\"checkbox_2\":{\"required\":{\"value\":true,\"message\":\"Pole jest wymagane\",\"global\":true,\"global_message\":\"Pole jest wymagane\"}},\"description\":{\"required\":{\"value\":false,\"message\":\"Pole jest wymagane\",\"global\":true,\"global_message\":\"Pole jest wymagane\"}},\"gdpr-agreement\":{\"required\":{\"value\":true,\"message\":\"Pole jest wymagane\",\"global_message\":\"Pole jest wymagane\",\"global\":true}}},\"debounce_time\":300};\n                    <\/script>\n        ","protected":false},"excerpt":{"rendered":"<p>Wype\u0142nij formularz, a przygotujemy dla Ciebie wyj\u0105tkow\u0105 podr\u00f3\u017c \u2013 dok\u0142adnie tak\u0105, jakiej szukasz! \ud83e\udded Jak to dzia\u0142a? \ud83d\udcac Mo\u017cemy si\u0119 spotka\u0107 online \u2013 je\u015bli wolisz pogada\u0107 na \u017cywo, telefonicznie lub&#8230;<\/p>\n","protected":false},"author":1,"featured_media":0,"parent":0,"menu_order":0,"comment_status":"closed","ping_status":"closed","template":"","meta":{"_kadence_starter_templates_imported_post":false,"_kad_post_transparent":"","_kad_post_title":"","_kad_post_layout":"","_kad_post_sidebar_id":"","_kad_post_content_style":"","_kad_post_vertical_padding":"","_kad_post_feature":"","_kad_post_feature_position":"","_kad_post_header":false,"_kad_post_footer":false,"footnotes":""},"class_list":["post-1062","page","type-page","status-publish","hentry"],"_links":{"self":[{"href":"https:\/\/przygodanahoryzoncie.pl\/index.php\/wp-json\/wp\/v2\/pages\/1062","targetHints":{"allow":["GET"]}}],"collection":[{"href":"https:\/\/przygodanahoryzoncie.pl\/index.php\/wp-json\/wp\/v2\/pages"}],"about":[{"href":"https:\/\/przygodanahoryzoncie.pl\/index.php\/wp-json\/wp\/v2\/types\/page"}],"author":[{"embeddable":true,"href":"https:\/\/przygodanahoryzoncie.pl\/index.php\/wp-json\/wp\/v2\/users\/1"}],"replies":[{"embeddable":true,"href":"https:\/\/przygodanahoryzoncie.pl\/index.php\/wp-json\/wp\/v2\/comments?post=1062"}],"version-history":[{"count":1,"href":"https:\/\/przygodanahoryzoncie.pl\/index.php\/wp-json\/wp\/v2\/pages\/1062\/revisions"}],"predecessor-version":[{"id":1063,"href":"https:\/\/przygodanahoryzoncie.pl\/index.php\/wp-json\/wp\/v2\/pages\/1062\/revisions\/1063"}],"wp:attachment":[{"href":"https:\/\/przygodanahoryzoncie.pl\/index.php\/wp-json\/wp\/v2\/media?parent=1062"}],"curies":[{"name":"wp","href":"https:\/\/api.w.org\/{rel}","templated":true}]}}