{"id":2,"date":"2025-05-10T16:25:27","date_gmt":"2025-05-10T16:25:27","guid":{"rendered":"http:\/\/przygodanahoryzoncie.pl\/?page_id=2"},"modified":"2025-05-15T09:03:25","modified_gmt":"2025-05-15T09:03:25","slug":"o-nas","status":"publish","type":"page","link":"https:\/\/przygodanahoryzoncie.pl\/index.php\/o-nas\/","title":{"rendered":"O nas"},"content":{"rendered":"\n<h2 class=\"wp-block-heading\">Twoja podr\u00f3\u017c. Nasza pasja.<\/h2>\n\n\n\n<p>W <em>Przygodzie na Horyzoncie<\/em> wierzymy, \u017ce ka\u017cda podr\u00f3\u017c powinna by\u0107 wyj\u0105tkowa \u2013 tak jak Ty. Nie dzia\u0142amy wed\u0142ug gotowych schemat\u00f3w. S\u0142uchamy, doradzamy i tworzymy wyjazdy dopasowane do Twoich marze\u0144, zainteresowa\u0144 i stylu \u017cycia.<\/p>\n\n\n\n<h2 class=\"wp-block-heading\">Co robimy?<\/h2>\n\n\n\n<p>Zajmujemy si\u0119 kompleksow\u0105 organizacj\u0105 wakacyjnych wyjazd\u00f3w \u2013 od wyboru kierunku, przez rezerwacj\u0119 \u015brodk\u00f3w transportu i nocleg\u00f3w, a\u017c po planowanie zwiedzania i dostarczanie praktycznych wskaz\u00f3wek. Dzi\u0119ki nam mo\u017cesz cieszy\u0107 si\u0119 podr\u00f3\u017c\u0105 bez stresu i tracenia czasu na logistyk\u0119.<\/p>\n\n\n\n<h2 class=\"wp-block-heading\">Dlaczego my?<\/h2>\n\n\n<style>.wp-block-kadence-iconlist.kt-svg-icon-list-items2_8d7bfc-fc:not(.this-stops-third-party-issues){margin-top:0px;margin-bottom:0px;}.wp-block-kadence-iconlist.kt-svg-icon-list-items2_8d7bfc-fc ul.kt-svg-icon-list:not(.this-prevents-issues):not(.this-stops-third-party-issues):not(.tijsloc){margin-top:0px;margin-right:0px;margin-bottom:var(--global-kb-spacing-sm, 1.5rem);margin-left:0px;}.wp-block-kadence-iconlist.kt-svg-icon-list-items2_8d7bfc-fc ul.kt-svg-icon-list{grid-row-gap:5px;}.wp-block-kadence-iconlist.kt-svg-icon-list-items2_8d7bfc-fc ul.kt-svg-icon-list .kt-svg-icon-list-item-wrap .kt-svg-icon-list-single{margin-right:10px;}.kt-svg-icon-list-items2_8d7bfc-fc ul.kt-svg-icon-list .kt-svg-icon-list-level-0 .kt-svg-icon-list-single svg{font-size:20px;}<\/style>\n<div class=\"wp-block-kadence-iconlist kt-svg-icon-list-items kt-svg-icon-list-items2_8d7bfc-fc kt-svg-icon-list-columns-1 alignnone\"><ul class=\"kt-svg-icon-list\"><style>.kt-svg-icon-list-item-2_08f905-7c .kt-svg-icon-list-text mark.kt-highlight{background-color:unset;font-style:normal;color:#f76a0c;-webkit-box-decoration-break:clone;box-decoration-break:clone;padding-top:0px;padding-right:0px;padding-bottom:0px;padding-left:0px;}<\/style>\n<li class=\"wp-block-kadence-listitem kt-svg-icon-list-item-wrap kt-svg-icon-list-item-2_08f905-7c\"><span class=\"kb-svg-icon-wrap kb-svg-icon-fe_checkCircle kt-svg-icon-list-single\"><svg viewBox=\"0 0 24 24\"  fill=\"none\" stroke=\"currentColor\" stroke-width=\"2\" stroke-linecap=\"round\" stroke-linejoin=\"round\" xmlns=\"http:\/\/www.w3.org\/2000\/svg\"  aria-hidden=\"true\"><path d=\"M22 11.08V12a10 10 0 1 1-5.93-9.14\"\/><polyline points=\"22 4 12 14.01 9 11.01\"\/><\/svg><\/span><span class=\"kt-svg-icon-list-text\">Indywidualne podej\u015bcie do ka\u017cdego klienta<\/span><\/li>\n\n\n<style>.kt-svg-icon-list-item-2_f59331-aa .kt-svg-icon-list-text mark.kt-highlight{background-color:unset;font-style:normal;color:#f76a0c;-webkit-box-decoration-break:clone;box-decoration-break:clone;padding-top:0px;padding-right:0px;padding-bottom:0px;padding-left:0px;}<\/style>\n<li class=\"wp-block-kadence-listitem kt-svg-icon-list-item-wrap kt-svg-icon-list-item-2_f59331-aa\"><span class=\"kb-svg-icon-wrap kb-svg-icon-fe_checkCircle kt-svg-icon-list-single\"><svg viewBox=\"0 0 24 24\"  fill=\"none\" stroke=\"currentColor\" stroke-width=\"2\" stroke-linecap=\"round\" stroke-linejoin=\"round\" xmlns=\"http:\/\/www.w3.org\/2000\/svg\"  aria-hidden=\"true\"><path d=\"M22 11.08V12a10 10 0 1 1-5.93-9.14\"\/><polyline points=\"22 4 12 14.01 9 11.01\"\/><\/svg><\/span><span class=\"kt-svg-icon-list-text\">Rzetelnie dobrane atrakcje i miejsca noclegowe<\/span><\/li>\n\n\n<style>.kt-svg-icon-list-item-2_fbd631-25 .kt-svg-icon-list-text mark.kt-highlight{background-color:unset;font-style:normal;color:#f76a0c;-webkit-box-decoration-break:clone;box-decoration-break:clone;padding-top:0px;padding-right:0px;padding-bottom:0px;padding-left:0px;}<\/style>\n<li class=\"wp-block-kadence-listitem kt-svg-icon-list-item-wrap kt-svg-icon-list-item-2_fbd631-25\"><span class=\"kb-svg-icon-wrap kb-svg-icon-fe_checkCircle kt-svg-icon-list-single\"><svg viewBox=\"0 0 24 24\"  fill=\"none\" stroke=\"currentColor\" stroke-width=\"2\" stroke-linecap=\"round\" stroke-linejoin=\"round\" xmlns=\"http:\/\/www.w3.org\/2000\/svg\"  aria-hidden=\"true\"><path d=\"M22 11.08V12a10 10 0 1 1-5.93-9.14\"\/><polyline points=\"22 4 12 14.01 9 11.01\"\/><\/svg><\/span><span class=\"kt-svg-icon-list-text\">Sprawdzone rozwi\u0105zania transportowe<\/span><\/li>\n\n\n<style>.kt-svg-icon-list-item-2_46f641-e7 .kt-svg-icon-list-text mark.kt-highlight{background-color:unset;font-style:normal;color:#f76a0c;-webkit-box-decoration-break:clone;box-decoration-break:clone;padding-top:0px;padding-right:0px;padding-bottom:0px;padding-left:0px;}<\/style>\n<li class=\"wp-block-kadence-listitem kt-svg-icon-list-item-wrap kt-svg-icon-list-item-2_46f641-e7\"><span class=\"kb-svg-icon-wrap kb-svg-icon-fe_checkCircle kt-svg-icon-list-single\"><svg viewBox=\"0 0 24 24\"  fill=\"none\" stroke=\"currentColor\" stroke-width=\"2\" stroke-linecap=\"round\" stroke-linejoin=\"round\" xmlns=\"http:\/\/www.w3.org\/2000\/svg\"  aria-hidden=\"true\"><path d=\"M22 11.08V12a10 10 0 1 1-5.93-9.14\"\/><polyline points=\"22 4 12 14.01 9 11.01\"\/><\/svg><\/span><span class=\"kt-svg-icon-list-text\">Pasja do podr\u00f3\u017cy i dba\u0142o\u015b\u0107 o szczeg\u00f3\u0142y<\/span><\/li>\n\n\n<style>.kt-svg-icon-list-item-2_818364-4a .kt-svg-icon-list-text mark.kt-highlight{background-color:unset;font-style:normal;color:#f76a0c;-webkit-box-decoration-break:clone;box-decoration-break:clone;padding-top:0px;padding-right:0px;padding-bottom:0px;padding-left:0px;}<\/style>\n<li class=\"wp-block-kadence-listitem kt-svg-icon-list-item-wrap kt-svg-icon-list-item-2_818364-4a\"><span class=\"kb-svg-icon-wrap kb-svg-icon-fe_checkCircle kt-svg-icon-list-single\"><svg viewBox=\"0 0 24 24\"  fill=\"none\" stroke=\"currentColor\" stroke-width=\"2\" stroke-linecap=\"round\" stroke-linejoin=\"round\" xmlns=\"http:\/\/www.w3.org\/2000\/svg\"  aria-hidden=\"true\"><path d=\"M22 11.08V12a10 10 0 1 1-5.93-9.14\"\/><polyline points=\"22 4 12 14.01 9 11.01\"\/><\/svg><\/span><span class=\"kt-svg-icon-list-text\">Zadowolenie klient\u00f3w, kt\u00f3rzy wracaj\u0105 po wi\u0119cej<\/span><\/li>\n<\/ul><\/div>\n\n\n\n<h2 class=\"wp-block-heading\">Nasza misja<\/h2>\n\n\n\n<p>Pomagamy odkrywa\u0107 \u015bwiat na Twoich zasadach. Z nami ka\u017cda podr\u00f3\u017c to co\u015b wi\u0119cej ni\u017c wyjazd \u2013 to osobista przygoda, kt\u00f3ra zostaje w pami\u0119ci na d\u0142ugo.<\/p>\n\n\n\n<p><\/p>\n","protected":false},"excerpt":{"rendered":"<p>Twoja podr\u00f3\u017c. Nasza pasja. W Przygodzie na Horyzoncie wierzymy, \u017ce ka\u017cda podr\u00f3\u017c powinna by\u0107 wyj\u0105tkowa \u2013 tak jak Ty. Nie dzia\u0142amy wed\u0142ug gotowych schemat\u00f3w. S\u0142uchamy, doradzamy i tworzymy wyjazdy dopasowane&#8230;<\/p>\n","protected":false},"author":1,"featured_media":0,"parent":0,"menu_order":0,"comment_status":"closed","ping_status":"closed","template":"","meta":{"_kadence_starter_templates_imported_post":false,"_kad_post_transparent":"","_kad_post_title":"","_kad_post_layout":"","_kad_post_sidebar_id":"","_kad_post_content_style":"","_kad_post_vertical_padding":"","_kad_post_feature":"","_kad_post_feature_position":"","_kad_post_header":false,"_kad_post_footer":false,"footnotes":""},"class_list":["post-2","page","type-page","status-publish","hentry"],"_links":{"self":[{"href":"https:\/\/przygodanahoryzoncie.pl\/index.php\/wp-json\/wp\/v2\/pages\/2","targetHints":{"allow":["GET"]}}],"collection":[{"href":"https:\/\/przygodanahoryzoncie.pl\/index.php\/wp-json\/wp\/v2\/pages"}],"about":[{"href":"https:\/\/przygodanahoryzoncie.pl\/index.php\/wp-json\/wp\/v2\/types\/page"}],"author":[{"embeddable":true,"href":"https:\/\/przygodanahoryzoncie.pl\/index.php\/wp-json\/wp\/v2\/users\/1"}],"replies":[{"embeddable":true,"href":"https:\/\/przygodanahoryzoncie.pl\/index.php\/wp-json\/wp\/v2\/comments?post=2"}],"version-history":[{"count":2,"href":"https:\/\/przygodanahoryzoncie.pl\/index.php\/wp-json\/wp\/v2\/pages\/2\/revisions"}],"predecessor-version":[{"id":1005,"href":"https:\/\/przygodanahoryzoncie.pl\/index.php\/wp-json\/wp\/v2\/pages\/2\/revisions\/1005"}],"wp:attachment":[{"href":"https:\/\/przygodanahoryzoncie.pl\/index.php\/wp-json\/wp\/v2\/media?parent=2"}],"curies":[{"name":"wp","href":"https:\/\/api.w.org\/{rel}","templated":true}]}}